{"id":141,"date":"2023-03-14T10:42:48","date_gmt":"2023-03-14T10:42:48","guid":{"rendered":"https:\/\/export.mercurytheme.com\/013\/?page_id=141"},"modified":"2025-01-28T16:01:09","modified_gmt":"2025-01-28T16:01:09","slug":"privacy-policy-2","status":"publish","type":"page","link":"https:\/\/gomeet.cam\/tr\/privacy-policy-2\/","title":{"rendered":"Gizlilik Politikas\u0131"},"content":{"rendered":"<p>Hizmet kullan\u0131c\u0131lar\u0131m\u0131z\u0131n gizlili\u011fini korumaya kararl\u0131y\u0131z.<\/p>\n\n\n\n<p>Bu politika, hizmet kullan\u0131c\u0131lar\u0131m\u0131z\u0131n ki\u015fisel verilerine ili\u015fkin olarak veri denetleyicisi olarak hareket etti\u011fimiz, ba\u015fka bir deyi\u015fle ki\u015fisel verilerin i\u015flenme ama\u00e7lar\u0131n\u0131 ve ara\u00e7lar\u0131n\u0131 belirledi\u011fimiz durumlarda ge\u00e7erlidir.<\/p>\n\n\n\n<p>Hizmetimizi kullanarak, ki\u015fisel verilerin bu politikada belirtildi\u011fi \u015fekilde iletilmesine izin vermi\u015f olursunuz.<\/p>\n\n\n\n<hr class=\"wp-block-separator has-alpha-channel-opacity\"\/>\n\n\n\n<h2 class=\"wp-block-heading\">Ki\u015fisel Verilerinizi Nas\u0131l Kullan\u0131yoruz<\/h2>\n\n\n\n<h3 class=\"wp-block-heading\">Profil Verileri<\/h3>\n\n\n\n<p>Hizmetimizdeki ki\u015fisel profilinizde yer alan bilgileri (\u201cprofil verileri\u201d) i\u015fleyebiliriz. Bu veriler ad\u0131n\u0131z\u0131, ya\u015f\u0131n\u0131z\u0131, e-posta adresinizi, profil resminizi ve toplamam\u0131za izin verdi\u011finiz di\u011fer bilgileri i\u00e7erebilir. Kimlik do\u011frulama ve hesap olu\u015fturma i\u00e7in Google Login veya Facebook Login gibi harici hizmetler kullanabiliriz ve kay\u0131t i\u015flemini kolayla\u015ft\u0131rmak i\u00e7in ad\u0131n\u0131z, e-postan\u0131z ve profil resminiz gibi belirli verilere eri\u015fim talep edebiliriz.<\/p>\n\n\n\n<p>Bu platformlardan bu politikada belirtilenlerin \u00f6tesinde ek ki\u015fisel verilere eri\u015fmiyor veya toplam\u0131yoruz. Profil verileri, hizmetimizi kullanman\u0131z\u0131 sa\u011flamak ve izlemek i\u00e7in i\u015flenir.<\/p>\n\n\n\n<h3 class=\"wp-block-heading\">Kullan\u0131m Verileri<\/h3>\n\n\n\n<p>Hizmetimizi kullan\u0131m\u0131n\u0131zla ilgili verileri (\u201ckullan\u0131m verileri\u201d) i\u015fleyebiliriz. Kullan\u0131m verileri IP adresinizi, co\u011frafi konumunuzu (\u00fclke ve eyaletle s\u0131n\u0131rl\u0131 olarak), taray\u0131c\u0131 t\u00fcr\u00fcn\u00fc ve s\u00fcr\u00fcm\u00fcn\u00fc, i\u015fletim sistemini, y\u00f6nlendirme kayna\u011f\u0131n\u0131, ziyaret s\u00fcresini, sayfa g\u00f6r\u00fcnt\u00fclemelerini ve gezinme yollar\u0131n\u0131 i\u00e7erebilir. Bu veriler, kullan\u0131m modellerini analiz etmek ve hizmetimizi geli\u015ftirmek i\u00e7in analitik izleme sistemimiz arac\u0131l\u0131\u011f\u0131yla toplan\u0131r.<\/p>\n\n\n\n<p>Bu i\u015flemenin yasal dayana\u011f\u0131 sizin r\u0131zan\u0131z (hizmetimizi kullanman\u0131zla ortaya \u00e7\u0131kt\u0131\u011f\u0131 \u00fczere) ve hizmetimizi geli\u015ftirmeye y\u00f6nelik me\u015fru menfaatlerimizdir.<\/p>\n\n\n\n<h3 class=\"wp-block-heading\">Sorgulama Verileri<\/h3>\n\n\n\n<p>Hizmetlerimizle ilgili olarak bize g\u00f6nderdi\u011finiz herhangi bir sorguda yer alan verileri (\u201csorgu verileri\u201d) i\u015fleyebiliriz. Bu veriler, sorular\u0131n\u0131za yan\u0131t vermek ve ilgili teklifleri tan\u0131tmak i\u00e7in i\u015flenir.<\/p>\n\n\n\n<h3 class=\"wp-block-heading\">\u0130leti\u015fim ve Yaz\u0131\u015fma Verileri<\/h3>\n\n\n\n<p>Hizmetimiz arac\u0131l\u0131\u011f\u0131yla g\u00f6nderilen ileti\u015fimlerden gelen bilgileri (\u201cyaz\u0131\u015fma verileri\u201d) i\u015fleyebiliriz. Bu, mesaj i\u00e7eri\u011fini, meta verileri ve ilgili bilgileri i\u00e7erebilir. Veriler, ileti\u015fimi kolayla\u015ft\u0131rmak ve hizmet iyile\u015ftirmesi i\u00e7in uygun kay\u0131t tutmay\u0131 sa\u011flamak amac\u0131yla i\u015flenir.<\/p>\n\n\n\n<h3 class=\"wp-block-heading\">\u0130\u015flem Verileri<\/h3>\n\n\n\n<p>Hizmetimiz arac\u0131l\u0131\u011f\u0131yla yap\u0131lan sat\u0131n alma veya i\u015flemlerle ilgili verileri (\u201ci\u015flem verileri\u201d) i\u015fleyebiliriz. Bu veriler ileti\u015fim bilgilerinizi, \u00f6deme bilgilerinizi ve i\u015flem detaylar\u0131n\u0131z\u0131 i\u00e7erebilir. Ama\u00e7, sat\u0131n al\u0131nan hizmetleri sunmak ve uygun mali kay\u0131tlar\u0131 tutmakt\u0131r.<\/p>\n\n\n\n<h3 class=\"wp-block-heading\">M\u00fc\u015fteri Verileri<\/h3>\n\n\n\n<p>Kullan\u0131c\u0131 deneyimini geli\u015ftirmek ve hizmet y\u00f6netimini iyile\u015ftirmek i\u00e7in cihaz\u0131n\u0131z, taray\u0131c\u0131n\u0131z ve i\u015fletim sisteminiz (\u201cistemci verileri\u201d) hakk\u0131nda bilgi toplayabiliriz. Buna cihaz \u00fcreticisi, taray\u0131c\u0131 s\u00fcr\u00fcm\u00fc ve IP adresi gibi veriler dahildir.<\/p>\n\n\n\n<h3 class=\"wp-block-heading\">Mesaj ve \u0130leti\u015fim Verileri<\/h3>\n\n\n\n<p>Platformumuz arac\u0131l\u0131\u011f\u0131yla g\u00f6nderilen k\u0131sa mesajlar veya video ileti\u015fimleri hakk\u0131ndaki bilgileri (\u201cmesaj verileri\u201d ve \u201cileti\u015fim verileri\u201d) i\u015fleyebiliriz. Bu veriler ileti\u015fimi kolayla\u015ft\u0131rmak, hizmet performans\u0131n\u0131 izlemek ve \u015fikayetleri veya uygunsuz davran\u0131\u015flar\u0131 ele almak i\u00e7in kullan\u0131l\u0131r.<\/p>\n\n\n\n<h3 class=\"wp-block-heading\">Yasaklama ve \u015eikayet Verileri<\/h3>\n\n\n\n<p>Hizmet \u015fartlar\u0131m\u0131z\u0131 uygulamak i\u00e7in yasaklamalar veya \u015fikayetlerle ilgili bilgileri (\u201cyasaklama verileri\u201d ve \u201c\u015fikayet verileri\u201d) i\u015fleyebiliriz. Yasaklama verileri, kullan\u0131c\u0131lar taraf\u0131ndan bildirilen veya sistemimiz taraf\u0131ndan uygunsuz davran\u0131\u015f i\u00e7in i\u015faretlenen video karelerinin g\u00f6r\u00fcnt\u00fclerini i\u00e7erebilir.<\/p>\n\n\n\n<h3 class=\"wp-block-heading\">G\u00fcnl\u00fck Verileri<\/h3>\n\n\n\n<p>\u00c7o\u011fu platformda oldu\u011fu gibi, sitemizi ziyaretiniz s\u0131ras\u0131nda taray\u0131c\u0131n\u0131z taraf\u0131ndan toplanan g\u00fcnl\u00fck verilerini i\u015fleriz. Buna IP adresleri, taray\u0131c\u0131 t\u00fcr\u00fc ve s\u00fcr\u00fcm\u00fc, ziyaret edilen sayfalar ve sitemizde ge\u00e7irilen s\u00fcre dahildir. Bu veriler ki\u015fisel olarak tan\u0131mlanabilir bilgiler i\u00e7ermez.<\/p>\n\n\n\n<hr class=\"wp-block-separator has-alpha-channel-opacity\"\/>\n\n\n\n<h2 class=\"wp-block-heading\">Ki\u015fisel Verilerinizin Ba\u015fkalar\u0131na Sa\u011flanmas\u0131<\/h2>\n\n\n\n<ul class=\"wp-block-list\">\n<li><strong>\u00d6deme \u0130\u015flemcileri<\/strong>: \u00d6demelerin i\u015flenmesi ve anla\u015fmazl\u0131klar\u0131n ele al\u0131nmas\u0131 i\u00e7in i\u015flem verilerini \u00f6deme i\u015flemcileriyle (\u00f6rne\u011fin PayPal, Stripe ve Google Pay) payla\u015fabiliriz.<\/li>\n\n\n\n<li><strong>\u00dc\u00e7\u00fcnc\u00fc Taraf Hizmetleri<\/strong>: Google Analytics gibi harici entegrasyonlar, kullan\u0131c\u0131 davran\u0131\u015f\u0131n\u0131 analiz etmek ve hizmetlerimizi geli\u015ftirmek i\u00e7in veri toplayabilir. Ayr\u0131nt\u0131lar i\u00e7in ilgili gizlilik politikalar\u0131na bak\u0131n.<\/li>\n<\/ul>\n\n\n\n<hr class=\"wp-block-separator has-alpha-channel-opacity\"\/>\n\n\n\n<h2 class=\"wp-block-heading\">Verilerinizin Uluslararas\u0131 Aktar\u0131m\u0131<\/h2>\n\n\n\n<p>Bar\u0131nd\u0131rma tesislerimiz Amerika Birle\u015fik Devletleri ve Avrupa'da bulunmaktad\u0131r. Bu b\u00f6lgelerin d\u0131\u015f\u0131ndaki kullan\u0131c\u0131lar, verilerinin farkl\u0131 gizlilik yasalar\u0131na sahip \u00fclkelerde i\u015flenebilece\u011fini bilmelidir. Hizmetimizi kullanarak bu veri aktar\u0131mlar\u0131na izin vermi\u015f olursunuz.<\/p>\n\n\n\n<hr class=\"wp-block-separator has-alpha-channel-opacity\"\/>\n\n\n\n<h2 class=\"wp-block-heading\">Ki\u015fisel Verilerin Saklanmas\u0131 ve Silinmesi<\/h2>\n\n\n\n<p>Ki\u015fisel verileri yaln\u0131zca bu politikada belirtilen ama\u00e7lar i\u00e7in gerekli oldu\u011fu s\u00fcrece saklar\u0131z. \u00d6rne\u011fin:<\/p>\n\n\n\n<ul class=\"wp-block-list\">\n<li><strong>Profil Verileri<\/strong>: Hesab\u0131n\u0131z aktif oldu\u011fu s\u00fcrece saklan\u0131r.<\/li>\n\n\n\n<li><strong>Mesaj Verileri<\/strong>: \u0130nceleme i\u00e7in i\u015faretlenmedik\u00e7e (\u00f6rne\u011fin, yasaklama durumunda) iletimden sonra saklanmaz.<\/li>\n\n\n\n<li><strong>Ban Verileri<\/strong>: Yasak s\u00fcresi boyunca saklan\u0131r.<\/li>\n<\/ul>\n\n\n\n<p>Yasalar\u0131n saklamay\u0131 zorunlu k\u0131ld\u0131\u011f\u0131 durumlar haricinde, bizimle ileti\u015fime ge\u00e7erek verilerinizin silinmesini talep edebilirsiniz.<\/p>\n\n\n\n<hr class=\"wp-block-separator has-alpha-channel-opacity\"\/>\n\n\n\n<h2 class=\"wp-block-heading\">Ki\u015fisel Verilerinizin Korunmas\u0131<\/h2>\n\n\n\n<p>Kullan\u0131c\u0131 verilerini korumak i\u00e7in end\u00fcstri standard\u0131 g\u00fcvenlik \u00f6nlemleri uyguluyoruz:<\/p>\n\n\n\n<ul class=\"wp-block-list\">\n<li>SSL ile g\u00fcvenli veri iletimi.<\/li>\n\n\n\n<li>G\u00fcvenli bar\u0131nd\u0131rma ortamlar\u0131.<\/li>\n\n\n\n<li>Yaln\u0131zca yetkili personel i\u00e7in eri\u015fim k\u0131s\u0131tlamalar\u0131.<\/li>\n<\/ul>\n\n\n\n<p>Ancak, hi\u00e7bir sistem 100% g\u00fcvenli de\u011fildir. Kullan\u0131c\u0131lar verileri kendi riskleri alt\u0131nda iletirler. Verilerinizin tehlikeye girdi\u011fini d\u00fc\u015f\u00fcn\u00fcyorsan\u0131z, derhal bizimle ileti\u015fime ge\u00e7in.<\/p>\n\n\n\n<hr class=\"wp-block-separator has-alpha-channel-opacity\"\/>\n\n\n\n<h2 class=\"wp-block-heading\">\u00c7erezler<\/h2>\n\n\n\n<p>Kullan\u0131c\u0131 deneyimini geli\u015ftirmek ve site kullan\u0131m\u0131n\u0131 izlemek i\u00e7in \u00e7erezler kullan\u0131yoruz. \u00c7erezler, cihaz\u0131n\u0131zda depolanan, kimlik do\u011frulama ve analiz gibi ama\u00e7larla kullan\u0131lan k\u00fc\u00e7\u00fck dosyalard\u0131r.<\/p>\n\n\n\n<p>Taray\u0131c\u0131 ayarlar\u0131n\u0131z arac\u0131l\u0131\u011f\u0131yla \u00e7erezleri y\u00f6netebilir veya engelleyebilirsiniz. \u00c7erezleri devre d\u0131\u015f\u0131 b\u0131rakman\u0131n hizmetimizin i\u015flevselli\u011fini etkileyebilece\u011fini unutmay\u0131n.<\/p>\n\n\n\n<hr class=\"wp-block-separator has-alpha-channel-opacity\"\/>\n\n\n\n<h2 class=\"wp-block-heading\">Sizin Haklar\u0131n\u0131z<\/h2>\n\n\n\n<p>Bulundu\u011funuz yere ba\u011fl\u0131 olarak, verilerinizle ilgili a\u015fa\u011f\u0131daki haklara sahip olabilirsiniz:<\/p>\n\n\n\n<ul class=\"wp-block-list\">\n<li>Verilerinize eri\u015fim, d\u00fczeltme veya silme talebinde bulunabilirsiniz.<\/li>\n\n\n\n<li>Veri i\u015flemeye itiraz etme veya k\u0131s\u0131tlama.<\/li>\n\n\n\n<li>\u0130stedi\u011finiz zaman onay\u0131n\u0131z\u0131 geri \u00e7ekebilirsiniz.<\/li>\n<\/ul>\n\n\n\n<p>Haklar\u0131n\u0131z\u0131 kullanmak i\u00e7in l\u00fctfen bizimle \u015fu adresten ileti\u015fime ge\u00e7in <strong><a href=\"mailto:support@gomeet.cam\">support@gomeet.cam<\/a><\/strong>.<\/p>\n\n\n\n<hr class=\"wp-block-separator has-alpha-channel-opacity\"\/>\n\n\n\n<h2 class=\"wp-block-heading\">\u00c7ocuklar\u0131n Gizlili\u011fi<\/h2>\n\n\n\n<p><a href=\"https:\/\/gomeet.cam\/tr\/\">GoMeet<\/a>.cam 18 ya\u015f\u0131n alt\u0131ndaki bireyler i\u00e7in tasarlanmam\u0131\u015ft\u0131r. \u00c7ocuklardan bilerek veri toplam\u0131yoruz. Re\u015fit olmayan bir ki\u015fiden veri topland\u0131\u011f\u0131n\u0131n fark\u0131na var\u0131rsak, bu verileri derhal silmek i\u00e7in gerekli ad\u0131mlar\u0131 ataca\u011f\u0131z.<\/p>\n\n\n\n<hr class=\"wp-block-separator has-alpha-channel-opacity\"\/>\n\n\n\n<h2 class=\"wp-block-heading\">De\u011fi\u015fiklikler<\/h2>\n\n\n\n<p>Bu politika zaman zaman g\u00fcncellenebilir. Verilerinizi nas\u0131l korudu\u011fumuz hakk\u0131nda bilgi sahibi olmak i\u00e7in l\u00fctfen bu sayfay\u0131 periyodik olarak g\u00f6zden ge\u00e7irin.<\/p>\n\n\n\n<hr class=\"wp-block-separator has-alpha-channel-opacity\"\/>\n\n\n\n<h2 class=\"wp-block-heading\">Bize Ula\u015f\u0131n<\/h2>\n\n\n\n<p>Bu politikayla ilgili sorular\u0131n\u0131z veya endi\u015feleriniz i\u00e7in bizimle \u015fu adresten ileti\u015fime ge\u00e7in <strong><a href=\"mailto:support@gomeet.cam\">support@gomeet.cam<\/a><\/strong>.<\/p>","protected":false},"excerpt":{"rendered":"<p>We are committed to safeguarding the privacy of our service users. This policy applies where we act as a data controller with respect to the personal data of our service users; in other words, where we determine the purposes and means of processing personal data. By using our service, you consent to the transmission of [&hellip;]<\/p>\n","protected":false},"author":4,"featured_media":0,"parent":0,"menu_order":0,"comment_status":"closed","ping_status":"closed","template":"","meta":{"_acf_changed":false,"footnotes":""},"class_list":["post-141","page","type-page","status-publish","hentry"],"acf":[],"yoast_head":"<!-- This site is optimized with the Yoast SEO plugin v27.4 - https:\/\/yoast.com\/product\/yoast-seo-wordpress\/ -->\n<title>Privacy Policy - GoMeet<\/title>\n<meta name=\"robots\" content=\"index, follow, max-snippet:-1, max-image-preview:large, max-video-preview:-1\" \/>\n<link rel=\"canonical\" href=\"https:\/\/gomeet.cam\/tr\/privacy-policy-2\/\" \/>\n<meta property=\"og:locale\" content=\"tr_TR\" \/>\n<meta property=\"og:type\" content=\"article\" \/>\n<meta property=\"og:title\" content=\"Privacy Policy - GoMeet\" \/>\n<meta property=\"og:description\" content=\"We are committed to safeguarding the privacy of our service users. This policy applies where we act as a data controller with respect to the personal data of our service users; in other words, where we determine the purposes and means of processing personal data. By using our service, you consent to the transmission of [&hellip;]\" \/>\n<meta property=\"og:url\" content=\"https:\/\/gomeet.cam\/tr\/privacy-policy-2\/\" \/>\n<meta property=\"og:site_name\" content=\"GoMeet\" \/>\n<meta property=\"article:modified_time\" content=\"2025-01-28T16:01:09+00:00\" \/>\n<meta name=\"twitter:card\" content=\"summary_large_image\" \/>\n<meta name=\"twitter:label1\" content=\"Tahmini okuma s\u00fcresi\" \/>\n\t<meta name=\"twitter:data1\" content=\"5 dakika\" \/>\n<script type=\"application\/ld+json\" class=\"yoast-schema-graph\">{\"@context\":\"https:\\\/\\\/schema.org\",\"@graph\":[{\"@type\":\"WebPage\",\"@id\":\"https:\\\/\\\/gomeet.cam\\\/pt\\\/privacy-policy-2\\\/\",\"url\":\"https:\\\/\\\/gomeet.cam\\\/pt\\\/privacy-policy-2\\\/\",\"name\":\"Privacy Policy - GoMeet\",\"isPartOf\":{\"@id\":\"https:\\\/\\\/gomeet.cam\\\/fr\\\/#website\"},\"datePublished\":\"2023-03-14T10:42:48+00:00\",\"dateModified\":\"2025-01-28T16:01:09+00:00\",\"breadcrumb\":{\"@id\":\"https:\\\/\\\/gomeet.cam\\\/pt\\\/privacy-policy-2\\\/#breadcrumb\"},\"inLanguage\":\"tr\",\"potentialAction\":[{\"@type\":\"ReadAction\",\"target\":[\"https:\\\/\\\/gomeet.cam\\\/pt\\\/privacy-policy-2\\\/\"]}]},{\"@type\":\"BreadcrumbList\",\"@id\":\"https:\\\/\\\/gomeet.cam\\\/pt\\\/privacy-policy-2\\\/#breadcrumb\",\"itemListElement\":[{\"@type\":\"ListItem\",\"position\":1,\"name\":\"Home\",\"item\":\"https:\\\/\\\/gomeet.cam\\\/\"},{\"@type\":\"ListItem\",\"position\":2,\"name\":\"Privacy Policy\"}]},{\"@type\":\"WebSite\",\"@id\":\"https:\\\/\\\/gomeet.cam\\\/fr\\\/#website\",\"url\":\"https:\\\/\\\/gomeet.cam\\\/fr\\\/\",\"name\":\"GoMeet\",\"description\":\"\",\"potentialAction\":[{\"@type\":\"SearchAction\",\"target\":{\"@type\":\"EntryPoint\",\"urlTemplate\":\"https:\\\/\\\/gomeet.cam\\\/fr\\\/?s={search_term_string}\"},\"query-input\":{\"@type\":\"PropertyValueSpecification\",\"valueRequired\":true,\"valueName\":\"search_term_string\"}}],\"inLanguage\":\"tr\"}]}<\/script>\n<!-- \/ Yoast SEO plugin. -->","yoast_head_json":{"title":"Gizlilik Politikas\u0131 - GoMeet","robots":{"index":"index","follow":"follow","max-snippet":"max-snippet:-1","max-image-preview":"max-image-preview:large","max-video-preview":"max-video-preview:-1"},"canonical":"https:\/\/gomeet.cam\/tr\/privacy-policy-2\/","og_locale":"tr_TR","og_type":"article","og_title":"Privacy Policy - GoMeet","og_description":"We are committed to safeguarding the privacy of our service users. This policy applies where we act as a data controller with respect to the personal data of our service users; in other words, where we determine the purposes and means of processing personal data. By using our service, you consent to the transmission of [&hellip;]","og_url":"https:\/\/gomeet.cam\/tr\/privacy-policy-2\/","og_site_name":"GoMeet","article_modified_time":"2025-01-28T16:01:09+00:00","twitter_card":"summary_large_image","twitter_misc":{"Tahmini okuma s\u00fcresi":"5 dakika"},"schema":{"@context":"https:\/\/schema.org","@graph":[{"@type":"WebPage","@id":"https:\/\/gomeet.cam\/pt\/privacy-policy-2\/","url":"https:\/\/gomeet.cam\/pt\/privacy-policy-2\/","name":"Gizlilik Politikas\u0131 - GoMeet","isPartOf":{"@id":"https:\/\/gomeet.cam\/fr\/#website"},"datePublished":"2023-03-14T10:42:48+00:00","dateModified":"2025-01-28T16:01:09+00:00","breadcrumb":{"@id":"https:\/\/gomeet.cam\/pt\/privacy-policy-2\/#breadcrumb"},"inLanguage":"tr","potentialAction":[{"@type":"ReadAction","target":["https:\/\/gomeet.cam\/pt\/privacy-policy-2\/"]}]},{"@type":"BreadcrumbList","@id":"https:\/\/gomeet.cam\/pt\/privacy-policy-2\/#breadcrumb","itemListElement":[{"@type":"ListItem","position":1,"name":"Home","item":"https:\/\/gomeet.cam\/"},{"@type":"ListItem","position":2,"name":"Privacy Policy"}]},{"@type":"WebSite","@id":"https:\/\/gomeet.cam\/fr\/#website","url":"https:\/\/gomeet.cam\/fr\/","name":"GoMeet","description":"","potentialAction":[{"@type":"SearchAction","target":{"@type":"EntryPoint","urlTemplate":"https:\/\/gomeet.cam\/fr\/?s={search_term_string}"},"query-input":{"@type":"PropertyValueSpecification","valueRequired":true,"valueName":"search_term_string"}}],"inLanguage":"tr"}]}},"_links":{"self":[{"href":"https:\/\/gomeet.cam\/tr\/wp-json\/wp\/v2\/pages\/141","targetHints":{"allow":["GET"]}}],"collection":[{"href":"https:\/\/gomeet.cam\/tr\/wp-json\/wp\/v2\/pages"}],"about":[{"href":"https:\/\/gomeet.cam\/tr\/wp-json\/wp\/v2\/types\/page"}],"author":[{"embeddable":true,"href":"https:\/\/gomeet.cam\/tr\/wp-json\/wp\/v2\/users\/4"}],"replies":[{"embeddable":true,"href":"https:\/\/gomeet.cam\/tr\/wp-json\/wp\/v2\/comments?post=141"}],"version-history":[{"count":2,"href":"https:\/\/gomeet.cam\/tr\/wp-json\/wp\/v2\/pages\/141\/revisions"}],"predecessor-version":[{"id":311,"href":"https:\/\/gomeet.cam\/tr\/wp-json\/wp\/v2\/pages\/141\/revisions\/311"}],"wp:attachment":[{"href":"https:\/\/gomeet.cam\/tr\/wp-json\/wp\/v2\/media?parent=141"}],"curies":[{"name":"wp","href":"https:\/\/api.w.org\/{rel}","templated":true}]}}